{"id":5314,"date":"2021-07-14T07:24:00","date_gmt":"2021-07-14T07:24:00","guid":{"rendered":"https:\/\/psychosomatik-beckum.de\/?page_id=5314"},"modified":"2025-02-25T17:29:46","modified_gmt":"2025-02-25T17:29:46","slug":"impressum","status":"publish","type":"page","link":"https:\/\/psychosomatik-beckum.de\/?page_id=5314","title":{"rendered":"Impressum"},"content":{"rendered":"\t\t<div data-elementor-type=\"wp-page\" data-elementor-id=\"5314\" class=\"elementor elementor-5314\">\n\t\t\t\t\t\t<section class=\"elementor-section elementor-top-section elementor-element elementor-element-cfe83b0 elementor-section-boxed elementor-section-height-default elementor-section-height-default\" data-id=\"cfe83b0\" data-element_type=\"section\" data-e-type=\"section\">\n\t\t\t\t\t\t<div class=\"elementor-container elementor-column-gap-default\">\n\t\t\t\t\t<div class=\"elementor-column elementor-col-100 elementor-top-column elementor-element elementor-element-4543891\" data-id=\"4543891\" data-element_type=\"column\" data-e-type=\"column\">\n\t\t\t<div class=\"elementor-widget-wrap elementor-element-populated\">\n\t\t\t\t\t\t<div class=\"elementor-element elementor-element-b0358e7 elementor-widget__width-initial elementor-widget elementor-widget-text-editor\" data-id=\"b0358e7\" data-element_type=\"widget\" data-e-type=\"widget\" data-widget_type=\"text-editor.default\">\n\t\t\t\t<div class=\"elementor-widget-container\">\n\t\t\t\t\t\t\t\t\t<div class=\"center logotype\" style=\"padding-left: 40px;\"><header><div class=\"logo-box istext\"><div class=\"center logotype\"><header><div class=\"logo-box istext\"><h1 class=\"site-title\"><span style=\"font-size: 14pt; color: #5bad58;\">PRAXIS F\u00dcR PSYCHOSOMATISCHE MEDIZIN UND PSYCHOTHERAPIE<br \/><\/span><b style=\"color: #5bad58; font-size: 14pt;\">Dr. med. Harald Brandts-Hagedorn<br \/><\/b><span style=\"font-size: 14pt;\"><span style=\"font-weight: normal;\">Neubeckumer Str. 39a<br \/><\/span><\/span><span style=\"font-size: 14pt;\"><span style=\"font-weight: normal;\">59269 Beckum<\/span><\/span><\/h1><\/div><\/header><\/div><div id=\"content\" class=\"site-content\"><div class=\"center\"><div class=\"description\"><p><span style=\"font-size: 14pt;\">Tel:\u00a0 +49(2521)8292890<\/span><br \/><span style=\"font-size: 14pt;\">Fax: +49(2521)822259<\/span><br \/><strong><a href=\"mailto:info@psychosomatik-beckum.de\"><span style=\"font-size: 14pt;\">info@psychosomatik-beckum.de<\/span><\/a><\/strong><\/p><\/div><p><span style=\"font-size: 14pt;\">\u00c4rztekammer Westfalen-Lippe, M\u00fcnster<\/span><\/p><h2><span style=\"color: #5bad58; font-size: 14pt;\">Die Aufsichtsbeh\u00f6rde:<\/span><\/h2><p><span style=\"font-size: 14pt;\">Kassen\u00e4rztliche Vereinigung Westfalen-Lippe, Dortmund<\/span><\/p><h2><span style=\"color: #5bad58; font-size: 14pt;\">Die Berufsbezeichnung:<\/span><\/h2><p><span style=\"font-size: 14pt;\">Der Facharzt f\u00fcr psychosomatische Medizin und Psychotherapie wurde in Deutschland verliehen.<\/span><br \/><span style=\"font-size: 14pt;\">Es gelten folgende berufsrechtliche Regelungen: \u00c4rztliche Berufsordnung<\/span><br \/><span style=\"font-size: 14pt;\">Regelungen einsehbar unter: www.aekwl.de<\/span><\/p><h2><span style=\"color: #5bad58; font-size: 14pt;\">Verantwortlich f\u00fcr den Inhalt nach \u00a7 55 Abs. 2 RStV:<\/span><\/h2><p><span style=\"font-size: 14pt;\">Dr. med. Harald Brandts-Hagedorn<\/span><\/p><h2><span style=\"color: #5bad58; font-size: 14pt;\">Haftungsausschluss:<\/span><\/h2><p><span style=\"font-size: 14pt;\">Die Inhalte unserer Seiten wurden mit gr\u00f6\u00dfter Sorgfalt erstellt. F\u00fcr die Richtigkeit, Vollst\u00e4ndigkeit und Aktualit\u00e4t der Inhalte k\u00f6nnen wir jedoch keine Gew\u00e4hr \u00fcbernehmen. Als Diensteanbieter sind wir gem\u00e4\u00df \u00a7 7 Abs.1 TMG f\u00fcr eigene Inhalte auf diesen Seiten nach den allgemeinen Gesetzen verantwortlich. Nach \u00a7\u00a7 8 bis 10 TMG sind wir als Diensteanbieter jedoch nicht verpflichtet, \u00fcbermittelte oder gespeicherte fremde Informationen zu \u00fcberwachen oder nach Umst\u00e4nden zu forschen, die auf eine rechtswidrige T\u00e4tigkeit hinweisen. Verpflichtungen zur Entfernung oder Sperrung der Nutzung von Informationen nach den allgemeinen Gesetzen bleiben hiervon unber\u00fchrt. Eine diesbez\u00fcgliche Haftung ist jedoch erst ab dem Zeitpunkt der Kenntnis einer konkreten Rechtsverletzung m\u00f6glich. Bei Bekanntwerden von entsprechenden Rechtsverletzungen werden wir diese Inhalte umgehend entfernen.<\/span><\/p><p><span style=\"color: #5bad58; font-size: 14pt;\"><strong>Haftung f\u00fcr Links<\/strong><\/span><\/p><p><span style=\"font-size: 14pt;\">Unser Angebot enth\u00e4lt Links zu externen Webseiten Dritter, auf deren Inhalte wir keinen Einfluss haben. Deshalb k\u00f6nnen wir f\u00fcr diese fremden Inhalte auch keine Gew\u00e4hr \u00fcbernehmen. F\u00fcr die Inhalte der verlinkten Seiten ist stets der jeweilige Anbieter oder Betreiber der Seiten verantwortlich. Die verlinkten Seiten wurden zum Zeitpunkt der Verlinkung auf m\u00f6gliche Rechtsverst\u00f6\u00dfe \u00fcberpr\u00fcft. Rechtswidrige Inhalte waren zum Zeitpunkt der Verlinkung nicht erkennbar. Eine permanente inhaltliche Kontrolle der verlinkten Seiten ist jedoch ohne konkrete Anhaltspunkte einer Rechtsverletzung nicht zumutbar. Bei Bekanntwerden von Rechtsverletzungen werden wir derartige Links umgehend entfernen.<\/span><\/p><p><span style=\"color: #448400; font-size: 14pt;\"><strong>Urheberrecht<\/strong><\/span><\/p><p><span style=\"font-size: 14pt;\">Die durch die Seitenbetreiber erstellten Inhalte und Werke auf diesen Seiten unterliegen dem deutschen Urheberrecht. Die Vervielf\u00e4ltigung, Bearbeitung, Verbreitung und jede Art der Verwertung au\u00dferhalb der Grenzen des Urheberrechtes bed\u00fcrfen der schriftlichen Zustimmung des jeweiligen Autors bzw. Erstellers. Downloads und Kopien dieser Seite sind nur f\u00fcr den privaten, nicht kommerziellen Gebrauch gestattet. Soweit die Inhalte auf dieser Seite nicht vom Betreiber erstellt wurden, werden die Urheberrechte Dritter beachtet. Insbesondere werden Inhalte Dritter als solche gekennzeichnet. Sollten Sie trotzdem auf eine Urheberrechtsverletzung aufmerksam werden, bitten wir um einen entsprechenden Hinweis. Bei Bekanntwerden von Rechtsverletzungen werden wir derartige Inhalte umgehend entfernen.<\/span><\/p><p><span style=\"color: #5bad58; font-size: 14pt;\"><strong>Datenschutz<\/strong><\/span><\/p><p><span style=\"font-size: 14pt;\">Die Nutzung unserer Webseite ist in der Regel ohne Angabe personenbezogener Daten m\u00f6glich. Soweit auf unseren Seiten personenbezogene Daten (beispielsweise Name, Anschrift oder eMail-Adressen) erhoben werden, erfolgt dies, soweit m\u00f6glich, stets auf freiwilliger Basis. Diese Daten werden ohne Ihre ausdr\u00fcckliche Zustimmung nicht an Dritte weitergegeben.<\/span><\/p><p><span style=\"font-size: 14pt;\">Personenbezogene Daten wie Name, Postanschrift, E-Mail-Adresse, Telefonnummer oder das Geburtsdatum werden ausschlie\u00dflich in \u00dcbereinstimmung mit dem jeweils geltenden Datenschutzrecht erhoben und genutzt. \u00a0Die Daten werden nur gespeichert, wenn sie aktiv \u00fcbermittelt werden und nur zur Beantwortung von Anfragen oder zur Zusendung von Informationsmaterial verwendet. Kontaktdaten, die im Rahmen von Anfragen angegeben werden, werden ausschlie\u00dflich f\u00fcr die Korrespondenz verwendet. Siehe auch\u00a0<a class=\"cm_anchor\" href=\"https:\/\/psychosomatik-beckum.de\/?page_id=5324\">Datenschutzerkl\u00e4rung<\/a>.<\/span><\/p><p><span style=\"font-size: 14pt;\">Wir weisen darauf hin, dass die Daten\u00fcbertragung im Internet (z.B. bei der Kommunikation per E-Mail) Sicherheitsl\u00fccken aufweisen kann. Ein l\u00fcckenloser Schutz der Daten vor dem Zugriff durch Dritte ist nicht m\u00f6glich.<\/span><\/p><p><span style=\"font-size: 14pt;\">Der Nutzung von im Rahmen der Impressumspflicht ver\u00f6ffentlichten Kontaktdaten durch Dritte zur \u00dcbersendung von nicht ausdr\u00fccklich angeforderter Werbung und Informationsmaterialien wird hiermit ausdr\u00fccklich widersprochen. Die Betreiber der Seiten behalten sich ausdr\u00fccklich rechtliche Schritte im Falle der unverlangten Zusendung von Werbeinformationen, etwa durch Spam-Mails, vor.<\/span><\/p><div class=\"description\">\u00a0p<\/div><\/div><\/div><\/div><\/header><\/div>\t\t\t\t\t\t\t\t<\/div>\n\t\t\t\t<\/div>\n\t\t\t\t\t<\/div>\n\t\t<\/div>\n\t\t\t\t\t<\/div>\n\t\t<\/section>\n\t\t\t\t<\/div>\n\t\t","protected":false},"excerpt":{"rendered":"<p>PRAXIS F\u00dcR PSYCHOSOMATISCHE MEDIZIN UND PSYCHOTHERAPIEDr. med. Harald Brandts-HagedornNeubeckumer Str. 39a59269 Beckum Tel:\u00a0 +49(2521)8292890Fax: +49(2521)822259info@psychosomatik-beckum.de \u00c4rztekammer Westfalen-Lippe, M\u00fcnster Die Aufsichtsbeh\u00f6rde: Kassen\u00e4rztliche Vereinigung Westfalen-Lippe, Dortmund Die Berufsbezeichnung: Der Facharzt f\u00fcr psychosomatische [&hellip;]<\/p>\n","protected":false},"author":1,"featured_media":0,"parent":0,"menu_order":0,"comment_status":"closed","ping_status":"closed","template":"","meta":{"_EventAllDay":false,"_EventTimezone":"","_EventStartDate":"","_EventEndDate":"","_EventStartDateUTC":"","_EventEndDateUTC":"","_EventShowMap":false,"_EventShowMapLink":false,"_EventURL":"","_EventCost":"","_EventCostDescription":"","_EventCurrencySymbol":"","_EventCurrencyCode":"","_EventCurrencyPosition":"","_EventDateTimeSeparator":"","_EventTimeRangeSeparator":"","_EventOrganizerID":[],"_EventVenueID":[],"_OrganizerEmail":"","_OrganizerPhone":"","_OrganizerWebsite":"","_VenueAddress":"","_VenueCity":"","_VenueCountry":"","_VenueProvince":"","_VenueState":"","_VenueZip":"","_VenuePhone":"","_VenueURL":"","_VenueStateProvince":"","_VenueLat":"","_VenueLng":"","_VenueShowMap":false,"_VenueShowMapLink":false,"footnotes":""},"class_list":["post-5314","page","type-page","status-publish","hentry"],"yoast_head":"<!-- This site is optimized with the Yoast SEO plugin v26.8 - https:\/\/yoast.com\/product\/yoast-seo-wordpress\/ -->\n<title>Impressum - Psychosomatik-Praxis Beckum<\/title>\n<meta name=\"robots\" content=\"index, follow, max-snippet:-1, max-image-preview:large, max-video-preview:-1\" \/>\n<link rel=\"canonical\" href=\"https:\/\/psychosomatik-beckum.de\/?page_id=5314\" \/>\n<meta property=\"og:locale\" content=\"de_DE\" \/>\n<meta property=\"og:type\" content=\"article\" \/>\n<meta property=\"og:title\" content=\"Impressum - Psychosomatik-Praxis Beckum\" \/>\n<meta property=\"og:description\" content=\"PRAXIS F\u00dcR PSYCHOSOMATISCHE MEDIZIN UND PSYCHOTHERAPIEDr. med. Harald Brandts-HagedornNeubeckumer Str. 39a59269 Beckum Tel:\u00a0 +49(2521)8292890Fax: +49(2521)822259info@psychosomatik-beckum.de \u00c4rztekammer Westfalen-Lippe, M\u00fcnster Die Aufsichtsbeh\u00f6rde: Kassen\u00e4rztliche Vereinigung Westfalen-Lippe, Dortmund Die Berufsbezeichnung: Der Facharzt f\u00fcr psychosomatische [&hellip;]\" \/>\n<meta property=\"og:url\" content=\"https:\/\/psychosomatik-beckum.de\/?page_id=5314\" \/>\n<meta property=\"og:site_name\" content=\"Psychosomatik-Praxis Beckum\" \/>\n<meta property=\"article:modified_time\" content=\"2025-02-25T17:29:46+00:00\" \/>\n<meta name=\"twitter:card\" content=\"summary_large_image\" \/>\n<meta name=\"twitter:label1\" content=\"Gesch\u00e4tzte Lesezeit\" \/>\n\t<meta name=\"twitter:data1\" content=\"3\u00a0Minuten\" \/>\n<script type=\"application\/ld+json\" class=\"yoast-schema-graph\">{\"@context\":\"https:\/\/schema.org\",\"@graph\":[{\"@type\":\"WebPage\",\"@id\":\"https:\/\/psychosomatik-beckum.de\/?page_id=5314\",\"url\":\"https:\/\/psychosomatik-beckum.de\/?page_id=5314\",\"name\":\"Impressum - Psychosomatik-Praxis Beckum\",\"isPartOf\":{\"@id\":\"https:\/\/psychosomatik-beckum.de\/#website\"},\"datePublished\":\"2021-07-14T07:24:00+00:00\",\"dateModified\":\"2025-02-25T17:29:46+00:00\",\"breadcrumb\":{\"@id\":\"https:\/\/psychosomatik-beckum.de\/?page_id=5314#breadcrumb\"},\"inLanguage\":\"de\",\"potentialAction\":[{\"@type\":\"ReadAction\",\"target\":[\"https:\/\/psychosomatik-beckum.de\/?page_id=5314\"]}]},{\"@type\":\"BreadcrumbList\",\"@id\":\"https:\/\/psychosomatik-beckum.de\/?page_id=5314#breadcrumb\",\"itemListElement\":[{\"@type\":\"ListItem\",\"position\":1,\"name\":\"Startseite\",\"item\":\"https:\/\/psychosomatik-beckum.de\/\"},{\"@type\":\"ListItem\",\"position\":2,\"name\":\"Impressum\"}]},{\"@type\":\"WebSite\",\"@id\":\"https:\/\/psychosomatik-beckum.de\/#website\",\"url\":\"https:\/\/psychosomatik-beckum.de\/\",\"name\":\"Psychosomatik-Praxis Beckum\",\"description\":\"Kontakt: Neubeckumer Str. 39a - 59269 Beckum - Tel. +49(2521)8292890 - info@psychosomatik-beckum.de\",\"potentialAction\":[{\"@type\":\"SearchAction\",\"target\":{\"@type\":\"EntryPoint\",\"urlTemplate\":\"https:\/\/psychosomatik-beckum.de\/?s={search_term_string}\"},\"query-input\":{\"@type\":\"PropertyValueSpecification\",\"valueRequired\":true,\"valueName\":\"search_term_string\"}}],\"inLanguage\":\"de\"}]}<\/script>\n<!-- \/ Yoast SEO plugin. -->","yoast_head_json":{"title":"Impressum - Psychosomatik-Praxis Beckum","robots":{"index":"index","follow":"follow","max-snippet":"max-snippet:-1","max-image-preview":"max-image-preview:large","max-video-preview":"max-video-preview:-1"},"canonical":"https:\/\/psychosomatik-beckum.de\/?page_id=5314","og_locale":"de_DE","og_type":"article","og_title":"Impressum - Psychosomatik-Praxis Beckum","og_description":"PRAXIS F\u00dcR PSYCHOSOMATISCHE MEDIZIN UND PSYCHOTHERAPIEDr. med. Harald Brandts-HagedornNeubeckumer Str. 39a59269 Beckum Tel:\u00a0 +49(2521)8292890Fax: +49(2521)822259info@psychosomatik-beckum.de \u00c4rztekammer Westfalen-Lippe, M\u00fcnster Die Aufsichtsbeh\u00f6rde: Kassen\u00e4rztliche Vereinigung Westfalen-Lippe, Dortmund Die Berufsbezeichnung: Der Facharzt f\u00fcr psychosomatische [&hellip;]","og_url":"https:\/\/psychosomatik-beckum.de\/?page_id=5314","og_site_name":"Psychosomatik-Praxis Beckum","article_modified_time":"2025-02-25T17:29:46+00:00","twitter_card":"summary_large_image","twitter_misc":{"Gesch\u00e4tzte Lesezeit":"3\u00a0Minuten"},"schema":{"@context":"https:\/\/schema.org","@graph":[{"@type":"WebPage","@id":"https:\/\/psychosomatik-beckum.de\/?page_id=5314","url":"https:\/\/psychosomatik-beckum.de\/?page_id=5314","name":"Impressum - Psychosomatik-Praxis Beckum","isPartOf":{"@id":"https:\/\/psychosomatik-beckum.de\/#website"},"datePublished":"2021-07-14T07:24:00+00:00","dateModified":"2025-02-25T17:29:46+00:00","breadcrumb":{"@id":"https:\/\/psychosomatik-beckum.de\/?page_id=5314#breadcrumb"},"inLanguage":"de","potentialAction":[{"@type":"ReadAction","target":["https:\/\/psychosomatik-beckum.de\/?page_id=5314"]}]},{"@type":"BreadcrumbList","@id":"https:\/\/psychosomatik-beckum.de\/?page_id=5314#breadcrumb","itemListElement":[{"@type":"ListItem","position":1,"name":"Startseite","item":"https:\/\/psychosomatik-beckum.de\/"},{"@type":"ListItem","position":2,"name":"Impressum"}]},{"@type":"WebSite","@id":"https:\/\/psychosomatik-beckum.de\/#website","url":"https:\/\/psychosomatik-beckum.de\/","name":"Psychosomatik-Praxis Beckum","description":"Kontakt: Neubeckumer Str. 39a - 59269 Beckum - Tel. +49(2521)8292890 - info@psychosomatik-beckum.de","potentialAction":[{"@type":"SearchAction","target":{"@type":"EntryPoint","urlTemplate":"https:\/\/psychosomatik-beckum.de\/?s={search_term_string}"},"query-input":{"@type":"PropertyValueSpecification","valueRequired":true,"valueName":"search_term_string"}}],"inLanguage":"de"}]}},"_links":{"self":[{"href":"https:\/\/psychosomatik-beckum.de\/index.php?rest_route=\/wp\/v2\/pages\/5314","targetHints":{"allow":["GET"]}}],"collection":[{"href":"https:\/\/psychosomatik-beckum.de\/index.php?rest_route=\/wp\/v2\/pages"}],"about":[{"href":"https:\/\/psychosomatik-beckum.de\/index.php?rest_route=\/wp\/v2\/types\/page"}],"author":[{"embeddable":true,"href":"https:\/\/psychosomatik-beckum.de\/index.php?rest_route=\/wp\/v2\/users\/1"}],"replies":[{"embeddable":true,"href":"https:\/\/psychosomatik-beckum.de\/index.php?rest_route=%2Fwp%2Fv2%2Fcomments&post=5314"}],"version-history":[{"count":46,"href":"https:\/\/psychosomatik-beckum.de\/index.php?rest_route=\/wp\/v2\/pages\/5314\/revisions"}],"predecessor-version":[{"id":5922,"href":"https:\/\/psychosomatik-beckum.de\/index.php?rest_route=\/wp\/v2\/pages\/5314\/revisions\/5922"}],"wp:attachment":[{"href":"https:\/\/psychosomatik-beckum.de\/index.php?rest_route=%2Fwp%2Fv2%2Fmedia&parent=5314"}],"curies":[{"name":"wp","href":"https:\/\/api.w.org\/{rel}","templated":true}]}}