{"id":5,"date":"2021-07-08T17:24:57","date_gmt":"2021-07-08T17:24:57","guid":{"rendered":"https:\/\/psychosomatik-beckum.de\/?page_id=5"},"modified":"2025-02-09T11:38:27","modified_gmt":"2025-02-09T11:38:27","slug":"willkommen-auf-https-psychosomatik-beckum-de-2","status":"publish","type":"page","link":"https:\/\/psychosomatik-beckum.de\/","title":{"rendered":"Praxis f\u00fcr Psychosomatische Medizin und Psychotherapie"},"content":{"rendered":"\t\t<div data-elementor-type=\"wp-page\" data-elementor-id=\"5\" class=\"elementor elementor-5\">\n\t\t\t\t\t\t<section class=\"elementor-section elementor-top-section elementor-element elementor-element-fa550d3 elementor-section-boxed elementor-section-height-default elementor-section-height-default\" data-id=\"fa550d3\" data-element_type=\"section\" data-e-type=\"section\">\n\t\t\t\t\t\t<div class=\"elementor-container elementor-column-gap-default\">\n\t\t\t\t\t<div class=\"elementor-column elementor-col-100 elementor-top-column elementor-element elementor-element-f18cdd2\" data-id=\"f18cdd2\" data-element_type=\"column\" data-e-type=\"column\">\n\t\t\t<div class=\"elementor-widget-wrap elementor-element-populated\">\n\t\t\t\t\t\t<div class=\"elementor-element elementor-element-685810c elementor-widget elementor-widget-heading\" data-id=\"685810c\" data-element_type=\"widget\" data-e-type=\"widget\" data-widget_type=\"heading.default\">\n\t\t\t\t<div class=\"elementor-widget-container\">\n\t\t\t\t\t<h2 class=\"elementor-heading-title elementor-size-default\">Dr. med. Harald Brandts-Hagedorn<\/h2>\t\t\t\t<\/div>\n\t\t\t\t<\/div>\n\t\t\t\t\t<\/div>\n\t\t<\/div>\n\t\t\t\t\t<\/div>\n\t\t<\/section>\n\t\t\t\t<section class=\"elementor-section elementor-top-section elementor-element elementor-element-ab0bd43 elementor-section-boxed elementor-section-height-default elementor-section-height-default\" data-id=\"ab0bd43\" data-element_type=\"section\" data-e-type=\"section\">\n\t\t\t\t\t\t<div class=\"elementor-container elementor-column-gap-default\">\n\t\t\t\t\t<div class=\"elementor-column elementor-col-100 elementor-top-column elementor-element elementor-element-3146985\" data-id=\"3146985\" data-element_type=\"column\" data-e-type=\"column\">\n\t\t\t<div class=\"elementor-widget-wrap elementor-element-populated\">\n\t\t\t\t\t\t<div class=\"elementor-element elementor-element-d8ed69a elementor-widget elementor-widget-image\" data-id=\"d8ed69a\" data-element_type=\"widget\" data-e-type=\"widget\" data-widget_type=\"image.default\">\n\t\t\t\t<div class=\"elementor-widget-container\">\n\t\t\t\t\t\t\t\t\t\t\t\t<figure class=\"wp-caption\">\n\t\t\t\t\t\t\t\t\t\t<img fetchpriority=\"high\" decoding=\"async\" width=\"1024\" height=\"497\" src=\"https:\/\/psychosomatik-beckum.de\/wp-content\/uploads\/2021\/08\/image2w.jpeg\" class=\"attachment-full size-full wp-image-5471\" alt=\"\" srcset=\"https:\/\/psychosomatik-beckum.de\/wp-content\/uploads\/2021\/08\/image2w.jpeg 1024w, https:\/\/psychosomatik-beckum.de\/wp-content\/uploads\/2021\/08\/image2w-300x146.jpeg 300w, https:\/\/psychosomatik-beckum.de\/wp-content\/uploads\/2021\/08\/image2w-768x373.jpeg 768w, https:\/\/psychosomatik-beckum.de\/wp-content\/uploads\/2021\/08\/image2w-940x456.jpeg 940w\" sizes=\"(max-width: 1024px) 100vw, 1024px\" \/>\t\t\t\t\t\t\t\t\t\t\t<figcaption class=\"widget-image-caption wp-caption-text\"><\/figcaption>\n\t\t\t\t\t\t\t\t\t\t<\/figure>\n\t\t\t\t\t\t\t\t\t<\/div>\n\t\t\t\t<\/div>\n\t\t\t\t<div class=\"elementor-element elementor-element-68294fe elementor-widget elementor-widget-heading\" data-id=\"68294fe\" data-element_type=\"widget\" data-e-type=\"widget\" data-widget_type=\"heading.default\">\n\t\t\t\t<div class=\"elementor-widget-container\">\n\t\t\t\t\t<h5 class=\"elementor-heading-title elementor-size-default\">Willkommen auf der Website meiner Praxis f\u00fcr Psychosomatische Medizin und Psychotherapie<\/h5>\t\t\t\t<\/div>\n\t\t\t\t<\/div>\n\t\t\t\t\t<\/div>\n\t\t<\/div>\n\t\t\t\t\t<\/div>\n\t\t<\/section>\n\t\t\t\t<section class=\"elementor-section elementor-top-section elementor-element elementor-element-a1724fb elementor-section-boxed elementor-section-height-default elementor-section-height-default\" data-id=\"a1724fb\" data-element_type=\"section\" data-e-type=\"section\">\n\t\t\t\t\t\t<div class=\"elementor-container elementor-column-gap-default\">\n\t\t\t\t\t<div class=\"elementor-column elementor-col-100 elementor-top-column elementor-element elementor-element-89d6242\" data-id=\"89d6242\" data-element_type=\"column\" data-e-type=\"column\">\n\t\t\t<div class=\"elementor-widget-wrap elementor-element-populated\">\n\t\t\t\t\t\t<div class=\"elementor-element elementor-element-dfef23e elementor-widget elementor-widget-text-editor\" data-id=\"dfef23e\" data-element_type=\"widget\" data-e-type=\"widget\" data-widget_type=\"text-editor.default\">\n\t\t\t\t<div class=\"elementor-widget-container\">\n\t\t\t\t\t\t\t\t\t<p style=\"text-align: left;\"><span style=\"color: #448400;\"><strong><span style=\"font-size: 16px;\">Was bedeutet diese lange Fachbezeichnung genau und was erwartet Sie hier? <br \/>Lesen Sie weiter und informieren sie sich \u00fcber mein Angebot!<\/span><\/strong><\/span><\/p>\t\t\t\t\t\t\t\t<\/div>\n\t\t\t\t<\/div>\n\t\t\t\t\t<\/div>\n\t\t<\/div>\n\t\t\t\t\t<\/div>\n\t\t<\/section>\n\t\t\t\t<section class=\"elementor-section elementor-top-section elementor-element elementor-element-5eb3579 elementor-section-boxed elementor-section-height-default elementor-section-height-default\" data-id=\"5eb3579\" data-element_type=\"section\" data-e-type=\"section\">\n\t\t\t\t\t\t<div class=\"elementor-container elementor-column-gap-default\">\n\t\t\t\t\t<div class=\"elementor-column elementor-col-100 elementor-top-column elementor-element elementor-element-7918a4b\" data-id=\"7918a4b\" data-element_type=\"column\" data-e-type=\"column\">\n\t\t\t<div class=\"elementor-widget-wrap elementor-element-populated\">\n\t\t\t\t\t\t<div class=\"elementor-element elementor-element-dfec777 elementor-widget elementor-widget-accordion\" data-id=\"dfec777\" data-element_type=\"widget\" data-e-type=\"widget\" data-widget_type=\"accordion.default\">\n\t\t\t\t<div class=\"elementor-widget-container\">\n\t\t\t\t\t\t\t<div class=\"elementor-accordion\">\n\t\t\t\t\t\t\t<div class=\"elementor-accordion-item\">\n\t\t\t\t\t<div id=\"elementor-tab-title-2341\" class=\"elementor-tab-title\" data-tab=\"1\" role=\"button\" aria-controls=\"elementor-tab-content-2341\" aria-expanded=\"false\">\n\t\t\t\t\t\t\t\t\t\t\t\t\t<span class=\"elementor-accordion-icon elementor-accordion-icon-left\" aria-hidden=\"true\">\n\t\t\t\t\t\t\t\t\t\t\t\t\t\t\t<span class=\"elementor-accordion-icon-closed\"><i class=\"fas fa-plus\"><\/i><\/span>\n\t\t\t\t\t\t\t\t<span class=\"elementor-accordion-icon-opened\"><i class=\"fas fa-minus\"><\/i><\/span>\n\t\t\t\t\t\t\t\t\t\t\t\t\t\t<\/span>\n\t\t\t\t\t\t\t\t\t\t\t\t<a class=\"elementor-accordion-title\" tabindex=\"0\">Warum gehen Menschen \u00fcberhaupt in Therapie? <\/a>\n\t\t\t\t\t<\/div>\n\t\t\t\t\t<div id=\"elementor-tab-content-2341\" class=\"elementor-tab-content elementor-clearfix\" data-tab=\"1\" role=\"region\" aria-labelledby=\"elementor-tab-title-2341\"><p>Oft sind es \u00fcberfordernde Lebenssituationen, in denen Menschen therapeutische Unterst\u00fctzung suchen. M\u00f6gliche Anl\u00e4sse sind Verluste, Trennungen und schwere k\u00f6rperliche Erkrankungen. Wenn \u201edas Ma\u00df voll ist\u201c und Menschen das Gef\u00fchl haben \u201enur noch zu funktionieren\u201c, treten h\u00e4ufig auch Warnsymptome wie Schlafst\u00f6rungen, hohe Reizbarkeit und k\u00f6rperliche Beschwerden auf.<img decoding=\"async\" class=\"size-medium wp-image-5334 alignright\" src=\"https:\/\/psychosomatik-beckum.de\/wp-content\/uploads\/2021\/07\/something-to-show-2669059_640-1-167x300.png\" alt=\"\" width=\"167\" height=\"300\" srcset=\"https:\/\/psychosomatik-beckum.de\/wp-content\/uploads\/2021\/07\/something-to-show-2669059_640-1-167x300.png 167w, https:\/\/psychosomatik-beckum.de\/wp-content\/uploads\/2021\/07\/something-to-show-2669059_640-1.png 201w\" sizes=\"(max-width: 167px) 100vw, 167px\" \/> Zun\u00e4chst geht es in der Therapie darum, gemeinsam zu verstehen, wie die aktuelle, \u00fcberfordernde Situation entstanden ist und worin der \u201eStress\u201c f\u00fcr Sie pers\u00f6nlich besteht. Auf den ersten Blick sind oft \u201edie Anderen\u201c schuld, doch wenn man genauer hinschaut werden vielleicht auch eigene Anteile an Konflikten erkennbar- und genau da kann die Therapie ansetzen. Wichtig ist die Bereitschaft, an sich zu arbeiten, Verantwortung f\u00fcr sich und seine Lebenssituation zu \u00fcbernehmen, achtsam und f\u00fcrsorglich mit sich und den Mitmenschen umzugehen. Therapie ist ein kreativer Prozess, in dem gedanklich alles erlaubt ist. Phantasie und Humor stellen dabei wichtige \u201eArbeitsmittel\u201c dar, machen das Schwere leichter. Nicht alles l\u00e4sst sich ver\u00e4ndern, Vieles will angenommen werden, wie gesundheitliche Einschr\u00e4nkungen und Verluste nahestehender Menschen. In der Therapie ist Raum f\u00fcr schwierige Gef\u00fchle wie Trauer, \u00c4rger, Angst und Ohnmacht, die nicht verdr\u00e4ngt oder bet\u00e4ubt, sondern offen zur Sprache kommen sollen- das kann erleichtern und befreien! Es k\u00f6nnen sich hieraus neue Sichtweisen ergeben, Lange \u201eversch\u00fcttete\u201c St\u00e4rken k\u00f6nnen wieder zum Vorschein kommen und Hoffnung kann entstehen. Die \u201eL\u00f6sung\u201c kommt nicht von au\u00dfen, sondern von innen, braucht Zeit, wird gemeinsam entwickelt. Das Erstaunliche: wenn es Menschen gelingt, ihre Beziehung zu sich selbst zu verbessern, ver\u00e4ndern sich auch die Beziehungen zu anderen Menschen. Lachen, Selbstvertrauen und Lebensfreude k\u00f6nnen zur\u00fcckkehren. Meine Aufgabe als Therapeut sehe ich darin, Wegbegleiter zu sein, an unwegsamen Stellen vorzugehen, manchmal aber auch im Hintergrund zu bleiben, aufmerksam, hilfsbereit und beweglich. Der Verlauf und die L\u00e4nge des Weges sind nicht vorhersehbar- ein spannender Prozess!\u00a0<\/p><\/div>\n\t\t\t\t<\/div>\n\t\t\t\t\t\t\t<div class=\"elementor-accordion-item\">\n\t\t\t\t\t<div id=\"elementor-tab-title-2342\" class=\"elementor-tab-title\" data-tab=\"2\" role=\"button\" aria-controls=\"elementor-tab-content-2342\" aria-expanded=\"false\">\n\t\t\t\t\t\t\t\t\t\t\t\t\t<span class=\"elementor-accordion-icon elementor-accordion-icon-left\" aria-hidden=\"true\">\n\t\t\t\t\t\t\t\t\t\t\t\t\t\t\t<span class=\"elementor-accordion-icon-closed\"><i class=\"fas fa-plus\"><\/i><\/span>\n\t\t\t\t\t\t\t\t<span class=\"elementor-accordion-icon-opened\"><i class=\"fas fa-minus\"><\/i><\/span>\n\t\t\t\t\t\t\t\t\t\t\t\t\t\t<\/span>\n\t\t\t\t\t\t\t\t\t\t\t\t<a class=\"elementor-accordion-title\" tabindex=\"0\">Wie kann sich die Psychotherapie auf die Stimmung auswirken? <\/a>\n\t\t\t\t\t<\/div>\n\t\t\t\t\t<div id=\"elementor-tab-content-2342\" class=\"elementor-tab-content elementor-clearfix\" data-tab=\"2\" role=\"region\" aria-labelledby=\"elementor-tab-title-2342\"><p>Die M\u00f6glichkeit, mit einem anderen Menschen \u00fcber pers\u00f6nliche Dinge sprechen zu k\u00f6nnen, wird oft als sehr entlastend empfunden nach dem Motto: \u201eGeteiltes Leid ist halbes Leid\u201c. In der Folge, wenn es \u201eans Eingemachte\u201c geht und lange \u201eunter den Teppich gekehrtes\u201c seelisches Leid zum Vorschein kommt, kann sich die Stimmung krisenhaft verschlechtern. Gerade dann ist es wichtig, im Kontakt zu bleiben, z.B. \u00fcber die Telefonsprechstunde. Es kann auch zu Konflikten mit Menschen im Umfeld kommen, die erst lernen m\u00fcssen, mit Verhaltens\u00e4nderungen, die durch die Therapie angesto\u00dfen werden, umzugehen. Krisen und Konflikte geh\u00f6ren zur Therapie, sind sogar sehr wertvoll auf dem Weg der Entwicklung. Wichtig ist, dass Schwierigkeiten, die auch das Vertrauen in die therapeutische Beziehung betreffen k\u00f6nnen, offen angesprochen werden. So lassen sich m\u00f6gliche Missverst\u00e4ndnisse kl\u00e4ren und der therapeutische Prozess in Gang halten.<\/p><\/div>\n\t\t\t\t<\/div>\n\t\t\t\t\t\t\t<div class=\"elementor-accordion-item\">\n\t\t\t\t\t<div id=\"elementor-tab-title-2343\" class=\"elementor-tab-title\" data-tab=\"3\" role=\"button\" aria-controls=\"elementor-tab-content-2343\" aria-expanded=\"false\">\n\t\t\t\t\t\t\t\t\t\t\t\t\t<span class=\"elementor-accordion-icon elementor-accordion-icon-left\" aria-hidden=\"true\">\n\t\t\t\t\t\t\t\t\t\t\t\t\t\t\t<span class=\"elementor-accordion-icon-closed\"><i class=\"fas fa-plus\"><\/i><\/span>\n\t\t\t\t\t\t\t\t<span class=\"elementor-accordion-icon-opened\"><i class=\"fas fa-minus\"><\/i><\/span>\n\t\t\t\t\t\t\t\t\t\t\t\t\t\t<\/span>\n\t\t\t\t\t\t\t\t\t\t\t\t<a class=\"elementor-accordion-title\" tabindex=\"0\">Was ist Psychosomatik? <\/a>\n\t\t\t\t\t<\/div>\n\t\t\t\t\t<div id=\"elementor-tab-content-2343\" class=\"elementor-tab-content elementor-clearfix\" data-tab=\"3\" role=\"region\" aria-labelledby=\"elementor-tab-title-2343\"><p>Hier geht es um die faszinierende Wechselbeziehung zwischen Seele (Psyche) und K\u00f6rper (Soma). Der Volksmund kennt sie immer schon, wei\u00df, dass Belastungen \u201ean die Nieren\u201c oder \u201eunter die Haut\u201c gehen k\u00f6nnen und dass einem \u00c4rger, wenn man immer nur schluckt, \u201ewie ein Stein im Magen\u201c liegen kann. Es ist aber keine Einbahnstra\u00dfe: so wie seelisches Leid k\u00f6rperliche Funktionsst\u00f6rungen und Schmerzen verursachen kann, k\u00f6nnen chronische k\u00f6rperliche Erkrankungen zu seelischen Problemen f\u00fchren. Dann spricht man von einer \u201esomatischen Belastungsst\u00f6rung\u201c. Als Beispiel seien die Herzangst nach Herzinfarkt oder der Schwindel nach H\u00f6rsturz genannt. Mit diesen Erkrankungen kenne ich mich gut aus, da ich viele Jahre lang Hausarzt war. Hier geht es in erster Linie um eine Annahme der Einschr\u00e4nkungen und einen Wiederaufbau des Vertrauens in den K\u00f6rper.<\/p><\/div>\n\t\t\t\t<\/div>\n\t\t\t\t\t\t\t<div class=\"elementor-accordion-item\">\n\t\t\t\t\t<div id=\"elementor-tab-title-2344\" class=\"elementor-tab-title\" data-tab=\"4\" role=\"button\" aria-controls=\"elementor-tab-content-2344\" aria-expanded=\"false\">\n\t\t\t\t\t\t\t\t\t\t\t\t\t<span class=\"elementor-accordion-icon elementor-accordion-icon-left\" aria-hidden=\"true\">\n\t\t\t\t\t\t\t\t\t\t\t\t\t\t\t<span class=\"elementor-accordion-icon-closed\"><i class=\"fas fa-plus\"><\/i><\/span>\n\t\t\t\t\t\t\t\t<span class=\"elementor-accordion-icon-opened\"><i class=\"fas fa-minus\"><\/i><\/span>\n\t\t\t\t\t\t\t\t\t\t\t\t\t\t<\/span>\n\t\t\t\t\t\t\t\t\t\t\t\t<a class=\"elementor-accordion-title\" tabindex=\"0\">Was passiert in der psychotherapeutischen Sprechstunde? <\/a>\n\t\t\t\t\t<\/div>\n\t\t\t\t\t<div id=\"elementor-tab-content-2344\" class=\"elementor-tab-content elementor-clearfix\" data-tab=\"4\" role=\"region\" aria-labelledby=\"elementor-tab-title-2344\"><p>In den ersten 1-2 Sprechstunden geht es zun\u00e4chst um ein Kennenlernen und ein Verst\u00e4ndnis der aktuellen Lebenssituation (privat, beruflich und gesundheitlich) Fr\u00fchere Therapieerfahrungen werden einbezogen, Ihre Ziele und \u201eTherapieauftrag\u201c m\u00f6glichst konkret besprochen. Im zweiten Schritt werden wichtige Punkte der Lebensgeschichte genauer beleuchtet, da nach tiefenpsychologischem Verst\u00e4ndnis aktuelle Probleme oft eine lange \u201eVorgeschichte\u201c (manchmal \u00fcber mehrere Generationen) haben und fr\u00fche Beziehungserfahrungen eine pr\u00e4gende Rolle spielen k\u00f6nnen. Im dritten Schritt ist zu entscheiden, ob eine tiefenpsychologische Therapie zum jetzigen Zeitpunkt sinnvoll, notwendig und erfolgversprechend ist, vor allem, ob die aktuelle Lebenssituation ausreichend stabil ist. Wenn diese Kriterien erf\u00fcllt sind und beide einverstanden sind, kann es losgehen.<\/p><\/div>\n\t\t\t\t<\/div>\n\t\t\t\t\t\t\t<div class=\"elementor-accordion-item\">\n\t\t\t\t\t<div id=\"elementor-tab-title-2345\" class=\"elementor-tab-title\" data-tab=\"5\" role=\"button\" aria-controls=\"elementor-tab-content-2345\" aria-expanded=\"false\">\n\t\t\t\t\t\t\t\t\t\t\t\t\t<span class=\"elementor-accordion-icon elementor-accordion-icon-left\" aria-hidden=\"true\">\n\t\t\t\t\t\t\t\t\t\t\t\t\t\t\t<span class=\"elementor-accordion-icon-closed\"><i class=\"fas fa-plus\"><\/i><\/span>\n\t\t\t\t\t\t\t\t<span class=\"elementor-accordion-icon-opened\"><i class=\"fas fa-minus\"><\/i><\/span>\n\t\t\t\t\t\t\t\t\t\t\t\t\t\t<\/span>\n\t\t\t\t\t\t\t\t\t\t\t\t<a class=\"elementor-accordion-title\" tabindex=\"0\">Wie geht es nach der Entscheidung f\u00fcr eine Therapie weiter?<\/a>\n\t\t\t\t\t<\/div>\n\t\t\t\t\t<div id=\"elementor-tab-content-2345\" class=\"elementor-tab-content elementor-clearfix\" data-tab=\"5\" role=\"region\" aria-labelledby=\"elementor-tab-title-2345\"><p>Nach den maximal 3 Sprechstunden kann eine Kurzzeittherapie \u00fcber 12 Sitzungen beantragt werden. Das geht ohne gro\u00dfen b\u00fcrokratischen Aufwand, die Kosten tr\u00e4gt die Krankenkasse. Eine Behandlungseinheit (\u201eSitzung\u201c) dauert 50 Minuten. In dieser Zeit m\u00fcssen auch organisatorische Dinge wie Folgetermine und Urlaubspausen besprochen werden. Zu Anfang wird ein Ausfallhonorar vereinbart, falls Sitzungen nicht rechtzeitig, d.h. sp\u00e4testens einen vollen Werktag vor dem Termin abgesagt werden. Hierf\u00fcr kann auch der AB genutzt werden, den ich regelm\u00e4\u00dfig abh\u00f6re.<\/p><\/div>\n\t\t\t\t<\/div>\n\t\t\t\t\t\t\t\t<\/div>\n\t\t\t\t\t\t<\/div>\n\t\t\t\t<\/div>\n\t\t\t\t\t<\/div>\n\t\t<\/div>\n\t\t\t\t\t<\/div>\n\t\t<\/section>\n\t\t\t\t<\/div>\n\t\t","protected":false},"excerpt":{"rendered":"<p>Dr. med. Harald Brandts-Hagedorn Willkommen auf der Website meiner Praxis f\u00fcr Psychosomatische Medizin und Psychotherapie Was bedeutet diese lange Fachbezeichnung genau und was erwartet Sie hier? Lesen Sie weiter und [&hellip;]<\/p>\n","protected":false},"author":1,"featured_media":0,"parent":0,"menu_order":0,"comment_status":"closed","ping_status":"open","template":"","meta":{"_EventAllDay":false,"_EventTimezone":"","_EventStartDate":"","_EventEndDate":"","_EventStartDateUTC":"","_EventEndDateUTC":"","_EventShowMap":false,"_EventShowMapLink":false,"_EventURL":"","_EventCost":"","_EventCostDescription":"","_EventCurrencySymbol":"","_EventCurrencyCode":"","_EventCurrencyPosition":"","_EventDateTimeSeparator":"","_EventTimeRangeSeparator":"","_EventOrganizerID":[],"_EventVenueID":[],"_OrganizerEmail":"","_OrganizerPhone":"","_OrganizerWebsite":"","_VenueAddress":"","_VenueCity":"","_VenueCountry":"","_VenueProvince":"","_VenueState":"","_VenueZip":"","_VenuePhone":"","_VenueURL":"","_VenueStateProvince":"","_VenueLat":"","_VenueLng":"","_VenueShowMap":false,"_VenueShowMapLink":false,"footnotes":""},"class_list":["post-5","page","type-page","status-publish","hentry"],"yoast_head":"<!-- This site is optimized with the Yoast SEO plugin v26.8 - https:\/\/yoast.com\/product\/yoast-seo-wordpress\/ -->\n<title>Praxis f\u00fcr Psychosomatische Medizin und Psychotherapie - Psychosomatik-Praxis Beckum<\/title>\n<meta name=\"robots\" content=\"index, follow, max-snippet:-1, max-image-preview:large, max-video-preview:-1\" \/>\n<link rel=\"canonical\" href=\"https:\/\/psychosomatik-beckum.de\/\" \/>\n<meta property=\"og:locale\" content=\"de_DE\" \/>\n<meta property=\"og:type\" content=\"article\" \/>\n<meta property=\"og:title\" content=\"Praxis f\u00fcr Psychosomatische Medizin und Psychotherapie - Psychosomatik-Praxis Beckum\" \/>\n<meta property=\"og:description\" content=\"Dr. med. Harald Brandts-Hagedorn Willkommen auf der Website meiner Praxis f\u00fcr Psychosomatische Medizin und Psychotherapie Was bedeutet diese lange Fachbezeichnung genau und was erwartet Sie hier? Lesen Sie weiter und [&hellip;]\" \/>\n<meta property=\"og:url\" content=\"https:\/\/psychosomatik-beckum.de\/\" \/>\n<meta property=\"og:site_name\" content=\"Psychosomatik-Praxis Beckum\" \/>\n<meta property=\"article:modified_time\" content=\"2025-02-09T11:38:27+00:00\" \/>\n<meta property=\"og:image\" content=\"https:\/\/psychosomatik-beckum.de\/wp-content\/uploads\/2021\/08\/image2w.jpeg\" \/>\n<meta name=\"twitter:card\" content=\"summary_large_image\" \/>\n<meta name=\"twitter:label1\" content=\"Gesch\u00e4tzte Lesezeit\" \/>\n\t<meta name=\"twitter:data1\" content=\"4\u00a0Minuten\" \/>\n<script type=\"application\/ld+json\" class=\"yoast-schema-graph\">{\"@context\":\"https:\/\/schema.org\",\"@graph\":[{\"@type\":\"WebPage\",\"@id\":\"https:\/\/psychosomatik-beckum.de\/\",\"url\":\"https:\/\/psychosomatik-beckum.de\/\",\"name\":\"Praxis f\u00fcr Psychosomatische Medizin und Psychotherapie - Psychosomatik-Praxis Beckum\",\"isPartOf\":{\"@id\":\"https:\/\/psychosomatik-beckum.de\/#website\"},\"primaryImageOfPage\":{\"@id\":\"https:\/\/psychosomatik-beckum.de\/#primaryimage\"},\"image\":{\"@id\":\"https:\/\/psychosomatik-beckum.de\/#primaryimage\"},\"thumbnailUrl\":\"https:\/\/psychosomatik-beckum.de\/wp-content\/uploads\/2021\/08\/image2w.jpeg\",\"datePublished\":\"2021-07-08T17:24:57+00:00\",\"dateModified\":\"2025-02-09T11:38:27+00:00\",\"breadcrumb\":{\"@id\":\"https:\/\/psychosomatik-beckum.de\/#breadcrumb\"},\"inLanguage\":\"de\",\"potentialAction\":[{\"@type\":\"ReadAction\",\"target\":[\"https:\/\/psychosomatik-beckum.de\/\"]}]},{\"@type\":\"ImageObject\",\"inLanguage\":\"de\",\"@id\":\"https:\/\/psychosomatik-beckum.de\/#primaryimage\",\"url\":\"https:\/\/psychosomatik-beckum.de\/wp-content\/uploads\/2021\/08\/image2w.jpeg\",\"contentUrl\":\"https:\/\/psychosomatik-beckum.de\/wp-content\/uploads\/2021\/08\/image2w.jpeg\",\"width\":1024,\"height\":497},{\"@type\":\"BreadcrumbList\",\"@id\":\"https:\/\/psychosomatik-beckum.de\/#breadcrumb\",\"itemListElement\":[{\"@type\":\"ListItem\",\"position\":1,\"name\":\"Startseite\",\"item\":\"https:\/\/psychosomatik-beckum.de\/\"},{\"@type\":\"ListItem\",\"position\":2,\"name\":\"Praxis f\u00fcr Psychosomatische Medizin und Psychotherapie\"}]},{\"@type\":\"WebSite\",\"@id\":\"https:\/\/psychosomatik-beckum.de\/#website\",\"url\":\"https:\/\/psychosomatik-beckum.de\/\",\"name\":\"Psychosomatik-Praxis Beckum\",\"description\":\"Kontakt: Neubeckumer Str. 39a - 59269 Beckum - Tel. +49(2521)8292890 - info@psychosomatik-beckum.de\",\"potentialAction\":[{\"@type\":\"SearchAction\",\"target\":{\"@type\":\"EntryPoint\",\"urlTemplate\":\"https:\/\/psychosomatik-beckum.de\/?s={search_term_string}\"},\"query-input\":{\"@type\":\"PropertyValueSpecification\",\"valueRequired\":true,\"valueName\":\"search_term_string\"}}],\"inLanguage\":\"de\"}]}<\/script>\n<!-- \/ Yoast SEO plugin. -->","yoast_head_json":{"title":"Praxis f\u00fcr Psychosomatische Medizin und Psychotherapie - Psychosomatik-Praxis Beckum","robots":{"index":"index","follow":"follow","max-snippet":"max-snippet:-1","max-image-preview":"max-image-preview:large","max-video-preview":"max-video-preview:-1"},"canonical":"https:\/\/psychosomatik-beckum.de\/","og_locale":"de_DE","og_type":"article","og_title":"Praxis f\u00fcr Psychosomatische Medizin und Psychotherapie - Psychosomatik-Praxis Beckum","og_description":"Dr. med. Harald Brandts-Hagedorn Willkommen auf der Website meiner Praxis f\u00fcr Psychosomatische Medizin und Psychotherapie Was bedeutet diese lange Fachbezeichnung genau und was erwartet Sie hier? Lesen Sie weiter und [&hellip;]","og_url":"https:\/\/psychosomatik-beckum.de\/","og_site_name":"Psychosomatik-Praxis Beckum","article_modified_time":"2025-02-09T11:38:27+00:00","og_image":[{"url":"https:\/\/psychosomatik-beckum.de\/wp-content\/uploads\/2021\/08\/image2w.jpeg","type":"","width":"","height":""}],"twitter_card":"summary_large_image","twitter_misc":{"Gesch\u00e4tzte Lesezeit":"4\u00a0Minuten"},"schema":{"@context":"https:\/\/schema.org","@graph":[{"@type":"WebPage","@id":"https:\/\/psychosomatik-beckum.de\/","url":"https:\/\/psychosomatik-beckum.de\/","name":"Praxis f\u00fcr Psychosomatische Medizin und Psychotherapie - Psychosomatik-Praxis Beckum","isPartOf":{"@id":"https:\/\/psychosomatik-beckum.de\/#website"},"primaryImageOfPage":{"@id":"https:\/\/psychosomatik-beckum.de\/#primaryimage"},"image":{"@id":"https:\/\/psychosomatik-beckum.de\/#primaryimage"},"thumbnailUrl":"https:\/\/psychosomatik-beckum.de\/wp-content\/uploads\/2021\/08\/image2w.jpeg","datePublished":"2021-07-08T17:24:57+00:00","dateModified":"2025-02-09T11:38:27+00:00","breadcrumb":{"@id":"https:\/\/psychosomatik-beckum.de\/#breadcrumb"},"inLanguage":"de","potentialAction":[{"@type":"ReadAction","target":["https:\/\/psychosomatik-beckum.de\/"]}]},{"@type":"ImageObject","inLanguage":"de","@id":"https:\/\/psychosomatik-beckum.de\/#primaryimage","url":"https:\/\/psychosomatik-beckum.de\/wp-content\/uploads\/2021\/08\/image2w.jpeg","contentUrl":"https:\/\/psychosomatik-beckum.de\/wp-content\/uploads\/2021\/08\/image2w.jpeg","width":1024,"height":497},{"@type":"BreadcrumbList","@id":"https:\/\/psychosomatik-beckum.de\/#breadcrumb","itemListElement":[{"@type":"ListItem","position":1,"name":"Startseite","item":"https:\/\/psychosomatik-beckum.de\/"},{"@type":"ListItem","position":2,"name":"Praxis f\u00fcr Psychosomatische Medizin und Psychotherapie"}]},{"@type":"WebSite","@id":"https:\/\/psychosomatik-beckum.de\/#website","url":"https:\/\/psychosomatik-beckum.de\/","name":"Psychosomatik-Praxis Beckum","description":"Kontakt: Neubeckumer Str. 39a - 59269 Beckum - Tel. +49(2521)8292890 - info@psychosomatik-beckum.de","potentialAction":[{"@type":"SearchAction","target":{"@type":"EntryPoint","urlTemplate":"https:\/\/psychosomatik-beckum.de\/?s={search_term_string}"},"query-input":{"@type":"PropertyValueSpecification","valueRequired":true,"valueName":"search_term_string"}}],"inLanguage":"de"}]}},"_links":{"self":[{"href":"https:\/\/psychosomatik-beckum.de\/index.php?rest_route=\/wp\/v2\/pages\/5","targetHints":{"allow":["GET"]}}],"collection":[{"href":"https:\/\/psychosomatik-beckum.de\/index.php?rest_route=\/wp\/v2\/pages"}],"about":[{"href":"https:\/\/psychosomatik-beckum.de\/index.php?rest_route=\/wp\/v2\/types\/page"}],"author":[{"embeddable":true,"href":"https:\/\/psychosomatik-beckum.de\/index.php?rest_route=\/wp\/v2\/users\/1"}],"replies":[{"embeddable":true,"href":"https:\/\/psychosomatik-beckum.de\/index.php?rest_route=%2Fwp%2Fv2%2Fcomments&post=5"}],"version-history":[{"count":106,"href":"https:\/\/psychosomatik-beckum.de\/index.php?rest_route=\/wp\/v2\/pages\/5\/revisions"}],"predecessor-version":[{"id":5679,"href":"https:\/\/psychosomatik-beckum.de\/index.php?rest_route=\/wp\/v2\/pages\/5\/revisions\/5679"}],"wp:attachment":[{"href":"https:\/\/psychosomatik-beckum.de\/index.php?rest_route=%2Fwp%2Fv2%2Fmedia&parent=5"}],"curies":[{"name":"wp","href":"https:\/\/api.w.org\/{rel}","templated":true}]}}